{"id":1527,"date":"2024-04-17T23:36:46","date_gmt":"2024-04-17T21:36:46","guid":{"rendered":"https:\/\/rozwojlokalny.jeleniagora.pl\/?page_id=1527"},"modified":"2024-04-18T21:20:58","modified_gmt":"2024-04-18T19:20:58","slug":"podsumowanie-realizacji-projektu","status":"publish","type":"page","link":"https:\/\/rozwojlokalny.jeleniagora.pl\/en\/podsumowanie-realizacji-projektu\/","title":{"rendered":"Summary of the implementation of the project"},"content":{"rendered":"<p>Please review the documentation summarizing the implementation of the project \"Live, reside, work in Jelenia G\u00f3ra!\".<\/p>\n\n\n\n<p>Enclosed, you will find:<\/p>\n\n\n\n<div class=\"wp-block-file ticss-cb668a9d translation-block\"><object class=\"wp-block-file__embed\" data=\"https:\/\/rozwojlokalny.jeleniagora.pl\/wp-content\/uploads\/2024\/04\/Podsumowanie-ang.pdf\" type=\"application\/pdf\" style=\"width:100%;height:600px\" aria-label=\"A summary of the complete project implementation\"><\/object><a id=\"wp-block-file--media-cb668a9d-1bcf-4dce-80a5-7f45623e83c0\" href=\"https:\/\/rozwojlokalny.jeleniagora.pl\/wp-content\/uploads\/2024\/04\/Podsumowanie-ang.pdf\" target=\"_self\">A summary of the complete project implementation<\/a><a href=\"https:\/\/rozwojlokalny.jeleniagora.pl\/wp-content\/uploads\/2024\/04\/Podsumowanie-ang.pdf\" class=\"wp-block-file__button wp-element-button\" aria-describedby=\"wp-block-file--media-cb668a9d-1bcf-4dce-80a5-7f45623e83c0\" target=\"_self\">Download<\/a><\/div>\n\n\n\n<div class=\"wp-block-kadence-spacer aligncenter kt-block-spacer-1527_375b63-24\"><div class=\"kt-block-spacer kt-block-spacer-halign-center\"><hr class=\"kt-divider\"\/><\/div><\/div>\n\n\n\n<div class=\"wp-block-file ticss-26dd1654 translation-block\"><object class=\"wp-block-file__embed\" data=\"https:\/\/rozwojlokalny.jeleniagora.pl\/wp-content\/uploads\/2024\/04\/Wspolpraca-bilateralna-ang.pdf\" type=\"application\/pdf\" style=\"width:100%;height:600px\" aria-label=\"A summary of international cooperation with our partner from Iceland, the municipality of Akureyri\"><\/object><a id=\"wp-block-file--media-26dd1654-8454-468f-9786-6f3720d756b2\" href=\"https:\/\/rozwojlokalny.jeleniagora.pl\/wp-content\/uploads\/2024\/04\/Wspolpraca-bilateralna-ang.pdf\" target=\"_self\">A summary of international cooperation with our partner from Iceland, the municipality of Akureyri<\/a><a href=\"https:\/\/rozwojlokalny.jeleniagora.pl\/wp-content\/uploads\/2024\/04\/Wspolpraca-bilateralna-ang.pdf\" class=\"wp-block-file__button wp-element-button\" aria-describedby=\"wp-block-file--media-26dd1654-8454-468f-9786-6f3720d756b2\" target=\"_self\">Download<\/a><\/div>\n\n\n\n<div class=\"wp-block-kadence-spacer aligncenter kt-block-spacer-1527_ed7ba3-ea\"><div class=\"kt-block-spacer kt-block-spacer-halign-center\"><hr class=\"kt-divider\"\/><\/div><\/div>\n\n\n\n<div class=\"wp-block-file ticss-edb8c899 translation-block\"><object class=\"wp-block-file__embed\" data=\"https:\/\/rozwojlokalny.jeleniagora.pl\/wp-content\/uploads\/2024\/04\/Dobre-praktyki-ang.pdf\" type=\"application\/pdf\" style=\"width:100%;height:600px\" aria-label=\"Best practices developed during the project implementation, with a specific focus on the execution of the architectural competition\"><\/object><a id=\"wp-block-file--media-edb8c899-60d0-4f28-8885-cce96dea1b13\" href=\"https:\/\/rozwojlokalny.jeleniagora.pl\/wp-content\/uploads\/2024\/04\/Dobre-praktyki-ang.pdf\" target=\"_self\">Best practices developed during the project implementation, with a specific focus on the execution of the architectural competition<\/a><a href=\"https:\/\/rozwojlokalny.jeleniagora.pl\/wp-content\/uploads\/2024\/04\/Dobre-praktyki-ang.pdf\" class=\"wp-block-file__button wp-element-button\" aria-describedby=\"wp-block-file--media-edb8c899-60d0-4f28-8885-cce96dea1b13\" target=\"_self\">Download<\/a><\/div>","protected":false},"excerpt":{"rendered":"<p>Please review the documentation summarizing the implementation of the project \"Live, reside, work in Jelenia G\u00f3ra!\". Enclosed, you will find [...]<\/p>","protected":false},"author":1,"featured_media":0,"parent":0,"menu_order":0,"comment_status":"closed","ping_status":"closed","template":"wp-custom-template-inner-page-m-3","meta":{"_uag_custom_page_level_css":""},"uagb_featured_image_src":{"full":false,"thumbnail":false,"medium":false,"medium_large":false,"large":false,"1536x1536":false,"2048x2048":false,"trp-custom-language-flag":false},"uagb_author_info":{"display_name":"Admin","author_link":"https:\/\/rozwojlokalny.jeleniagora.pl\/en\/author\/admin\/"},"uagb_comment_info":0,"uagb_excerpt":"Zapraszamy do zapoznania si\u0119 z dokumentacj\u0105 podsumowuj\u0105c\u0105 realizacj\u0119 projektu &#8222;\u017byj, mieszkaj, pracuj w Jeleniej G\u00f3rze!&#8221;. W za\u0142\u0105cznikach znajdziecie Pa\u0144stwo:","_links":{"self":[{"href":"https:\/\/rozwojlokalny.jeleniagora.pl\/en\/wp-json\/wp\/v2\/pages\/1527"}],"collection":[{"href":"https:\/\/rozwojlokalny.jeleniagora.pl\/en\/wp-json\/wp\/v2\/pages"}],"about":[{"href":"https:\/\/rozwojlokalny.jeleniagora.pl\/en\/wp-json\/wp\/v2\/types\/page"}],"author":[{"embeddable":true,"href":"https:\/\/rozwojlokalny.jeleniagora.pl\/en\/wp-json\/wp\/v2\/users\/1"}],"replies":[{"embeddable":true,"href":"https:\/\/rozwojlokalny.jeleniagora.pl\/en\/wp-json\/wp\/v2\/comments?post=1527"}],"version-history":[{"count":6,"href":"https:\/\/rozwojlokalny.jeleniagora.pl\/en\/wp-json\/wp\/v2\/pages\/1527\/revisions"}],"predecessor-version":[{"id":1548,"href":"https:\/\/rozwojlokalny.jeleniagora.pl\/en\/wp-json\/wp\/v2\/pages\/1527\/revisions\/1548"}],"wp:attachment":[{"href":"https:\/\/rozwojlokalny.jeleniagora.pl\/en\/wp-json\/wp\/v2\/media?parent=1527"}],"curies":[{"name":"wp","href":"https:\/\/api.w.org\/{rel}","templated":true}]}}