{"id":23,"date":"2022-05-29T20:17:28","date_gmt":"2022-05-29T18:17:28","guid":{"rendered":"https:\/\/luna.jeleniagora.pl\/?page_id=23"},"modified":"2024-04-17T23:40:27","modified_gmt":"2024-04-17T21:40:27","slug":"home","status":"publish","type":"page","link":"https:\/\/rozwojlokalny.jeleniagora.pl\/en\/","title":{"rendered":"Strona G\u0142\u00f3wna"},"content":{"rendered":"<div class=\"wp-block-group is-layout-constrained wp-container-5\">\n<div class=\"wp-block-cover alignfull has-parallax bricksy-general-hero\" style=\"min-height:800px\"><span aria-hidden=\"true\" class=\"wp-block-cover__background has-background-dim\"><\/span><div role=\"img\" class=\"wp-block-cover__image-background wp-image-36 has-parallax\" style=\"background-position:50% 50%;background-image:url(https:\/\/rozwojlokalny.jeleniagora.pl\/wp-content\/uploads\/2022\/05\/DJI_000w_stitch-scaled.jpg)\"><\/div><div class=\"wp-block-cover__inner-container\">\n<div class=\"wp-block-group has-background-color has-text-color is-layout-flow\"><\/div>\n\n\n\n<div class=\"wp-block-group is-layout-constrained\">\n<div class=\"wp-block-group alignwide has-background-color has-text-color is-layout-flow\">\n<p class=\"has-text-align-center has-small-font-size\" style=\"line-height:.9\"><strong>PROJECT SITE<\/strong><\/p>\n\n\n\n<h2 class=\"wp-block-heading has-text-align-center has-gigantic-font-size\" id=\"schedule-a-visit-1\" style=\"line-height:1.15\">LIVE, RESIDE, WORK IN JELENIA G\u00d3RA!<\/h2>\n\n\n\n<div class=\"wp-block-buttons is-horizontal is-content-justification-center is-layout-flex wp-container-2\">\n<div class=\"wp-block-button has-custom-width wp-block-button__width-50 is-style-outline\"><a class=\"wp-block-button__link wp-element-button\" href=\"https:\/\/rozwojlokalny.jeleniagora.pl\/en\/aktualnosci\/\" style=\"border-radius:0px\">NEWS<\/a><\/div>\n<\/div>\n\n\n\n<div style=\"height:64px\" aria-hidden=\"true\" class=\"wp-block-spacer\"><\/div>\n<\/div>\n<\/div>\n<\/div><\/div>\n\n\n\n<div style=\"height:17px\" aria-hidden=\"true\" class=\"wp-block-spacer\"><\/div>\n\n\n\n<p><strong>\"LIVE, RESIDE, WORK IN JELENIA GORA!\" project<\/strong> will be implemented within the framework of the <strong>Local Development Program <\/strong>in Q4 2021 - Q1 2024.<\/p>\n\n\n\n<p>The project benefits from a grant of EUR <strong>3,89 mln EUR <\/strong>received from <strong>Iceland, Liechtenstein and Norway <\/strong>through the European Economic Area (EEA) Financial Mechanism <strong>2014-2021<\/strong> and the <strong>Norwegian Financial Mechanism 2014-2021<\/strong> and state budget funds.<\/p>\n\n\n\n<div class=\"wp-block-kadence-spacer aligncenter kt-block-spacer-513460_db9745-82\"><div class=\"kt-block-spacer kt-block-spacer-halign-center\"><hr class=\"kt-divider\"\/><\/div><\/div>\n<\/div>\n\n\n\n<div class=\"wp-block-kadence-column kadence-column513460_4ea1dc-33 kb-section-is-sticky kb-section-dir-vertical inner-column-1\"><div class=\"kt-inside-inner-col\">\n<div class=\"wp-block-group is-layout-constrained wp-container-12\">\n<div class=\"wp-block-columns is-layout-flex wp-container-11\" style=\"padding-top:15px;padding-right:15px;padding-bottom:15px;padding-left:15px\">\n<div class=\"wp-block-column has-background is-layout-flow\" style=\"background-color:#1256bb;padding-top:20px;padding-right:20px;padding-bottom:20px;padding-left:20px\">\n<p class=\"has-background-color has-text-color has-medium-font-size\"><strong>LOCAL DEVELOPMENT PROGRAM<\/strong><\/p>\n\n\n\n<p class=\"has-background-color has-text-color\"><strong>Program budget:<\/strong><br>EUR 117,6 million<\/p>\n\n\n\n<p class=\"has-background-color has-text-color\"><strong>Donor contribution:<\/strong><br>EUR 100 million<\/p>\n\n\n\n<p class=\"has-background-color has-text-color\"><strong>National contribution:<\/strong><br>EUR 17,6 million<\/p>\n\n\n\n<p><\/p>\n<\/div>\n\n\n\n<div class=\"wp-block-column is-layout-flow\"><\/div>\n\n\n\n<div class=\"wp-block-column is-layout-flow\"><\/div>\n\n\n\n<div class=\"wp-block-column is-layout-flow\"><\/div>\n\n\n\n<div class=\"wp-block-column is-layout-flow\"><\/div>\n<\/div>\n<\/div>\n<\/div><\/div>\n\n\n\n<div class=\"wp-block-kadence-spacer aligncenter kt-block-spacer-513460_f88151-3d\"><div class=\"kt-block-spacer kt-block-spacer-halign-center\"><hr class=\"kt-divider\"\/><\/div><\/div>\n\n\n<div class=\"kb-gallery-wrap-id-513460_4ef164-17 alignnone wp-block-kadence-advancedgallery\"><div class=\"kb-gallery-ul kb-gallery-non-static kb-gallery-type-fluidcarousel kb-gallery-id-513460_4ef164-17 kb-gallery-caption-style-bottom-hover kb-gallery-filter-none\" data-image-filter=\"none\" data-lightbox-caption=\"true\"><div class=\"kt-blocks-carousel kt-carousel-container-dotstyle-none\"><div class=\"kt-blocks-carousel-init kb-blocks-fluid-carousel kt-carousel-arrowstyle-none kt-carousel-dotstyle-none\" data-slider-anim-speed=\"800\" data-slider-scroll=\"1\" data-slider-arrows=\"false\" data-slider-dots=\"false\" data-slider-hover-pause=\"false\" data-slider-auto=\"1\" data-slider-speed=\"1500\" data-slider-type=\"fluidcarousel\" data-slider-center-mode=\"true\" data-slider-gap=\"4px\" data-slider-gap-tablet=\"4px\" data-slider-gap-mobile=\"4px\"><div class=\"kb-slide-item kb-gallery-carousel-item\"><div class=\"kadence-blocks-gallery-item\"><div class=\"kadence-blocks-gallery-item-inner\"><figure class=\"kb-gallery-figure kadence-blocks-gallery-item-hide-caption\"><div class=\"kb-gal-image-radius\" ><div class=\"kb-gallery-image-contain\" ><img decoding=\"async\" loading=\"lazy\" src=\"https:\/\/rozwojlokalny.jeleniagora.pl\/wp-content\/uploads\/2022\/06\/DJI_0948-1024x768.jpg\" width=\"1024\" height=\"768\" alt=\"Ko\u015bci\u00f3\u0142 \u0141aski pw. Podwy\u017cszenia Krzy\u017ca \u015awi\u0119tego\" data-full-image=\"https:\/\/rozwojlokalny.jeleniagora.pl\/wp-content\/uploads\/2022\/06\/DJI_0948-scaled.jpg\" data-light-image=\"https:\/\/rozwojlokalny.jeleniagora.pl\/wp-content\/uploads\/2022\/06\/DJI_0948-scaled.jpg\" data-id=\"511\" class=\"wp-image-511 skip-lazy\" srcset=\"https:\/\/rozwojlokalny.jeleniagora.pl\/wp-content\/uploads\/2022\/06\/DJI_0948-1024x768.jpg 1024w, https:\/\/rozwojlokalny.jeleniagora.pl\/wp-content\/uploads\/2022\/06\/DJI_0948-300x225.jpg 300w, https:\/\/rozwojlokalny.jeleniagora.pl\/wp-content\/uploads\/2022\/06\/DJI_0948-768x576.jpg 768w, https:\/\/rozwojlokalny.jeleniagora.pl\/wp-content\/uploads\/2022\/06\/DJI_0948-1536x1152.jpg 1536w, https:\/\/rozwojlokalny.jeleniagora.pl\/wp-content\/uploads\/2022\/06\/DJI_0948-2048x1536.jpg 2048w\" sizes=\"(max-width: 1024px) 100vw, 1024px\" \/><\/div><\/div><\/figure><\/div><\/div><\/div><div class=\"kb-slide-item kb-gallery-carousel-item\"><div class=\"kadence-blocks-gallery-item\"><div class=\"kadence-blocks-gallery-item-inner\"><figure class=\"kb-gallery-figure kadence-blocks-gallery-item-hide-caption\"><div class=\"kb-gal-image-radius\" ><div class=\"kb-gallery-image-contain\" ><img decoding=\"async\" loading=\"lazy\" src=\"https:\/\/rozwojlokalny.jeleniagora.pl\/wp-content\/uploads\/2022\/06\/fot.-M.-Kryla-UM-Jelenia-Gora-16-1024x596.jpg\" width=\"1024\" height=\"596\" alt=\"Widok z g\u00f3ry na Muzeum Przyrodnicze w Cieplicach\" data-full-image=\"https:\/\/rozwojlokalny.jeleniagora.pl\/wp-content\/uploads\/2022\/06\/fot.-M.-Kryla-UM-Jelenia-Gora-16-scaled.jpg\" data-light-image=\"https:\/\/rozwojlokalny.jeleniagora.pl\/wp-content\/uploads\/2022\/06\/fot.-M.-Kryla-UM-Jelenia-Gora-16-scaled.jpg\" data-id=\"513\" class=\"wp-image-513 skip-lazy\" srcset=\"https:\/\/rozwojlokalny.jeleniagora.pl\/wp-content\/uploads\/2022\/06\/fot.-M.-Kryla-UM-Jelenia-Gora-16-1024x596.jpg 1024w, https:\/\/rozwojlokalny.jeleniagora.pl\/wp-content\/uploads\/2022\/06\/fot.-M.-Kryla-UM-Jelenia-Gora-16-300x175.jpg 300w, https:\/\/rozwojlokalny.jeleniagora.pl\/wp-content\/uploads\/2022\/06\/fot.-M.-Kryla-UM-Jelenia-Gora-16-768x447.jpg 768w, https:\/\/rozwojlokalny.jeleniagora.pl\/wp-content\/uploads\/2022\/06\/fot.-M.-Kryla-UM-Jelenia-Gora-16-1536x894.jpg 1536w, https:\/\/rozwojlokalny.jeleniagora.pl\/wp-content\/uploads\/2022\/06\/fot.-M.-Kryla-UM-Jelenia-Gora-16-2048x1192.jpg 2048w\" sizes=\"(max-width: 1024px) 100vw, 1024px\" \/><\/div><\/div><\/figure><\/div><\/div><\/div><div class=\"kb-slide-item kb-gallery-carousel-item\"><div class=\"kadence-blocks-gallery-item\"><div class=\"kadence-blocks-gallery-item-inner\"><figure class=\"kb-gallery-figure kadence-blocks-gallery-item-hide-caption\"><div class=\"kb-gal-image-radius\" ><div class=\"kb-gallery-image-contain\" ><img decoding=\"async\" loading=\"lazy\" src=\"https:\/\/rozwojlokalny.jeleniagora.pl\/wp-content\/uploads\/2022\/06\/Jelenia-Gora-50-1024x683.jpg\" width=\"1024\" height=\"683\" alt=\"R\u00f3\u017cnobarwne kamienice na Placu Ratuszowym\" data-full-image=\"https:\/\/rozwojlokalny.jeleniagora.pl\/wp-content\/uploads\/2022\/06\/Jelenia-Gora-50-scaled.jpg\" data-light-image=\"https:\/\/rozwojlokalny.jeleniagora.pl\/wp-content\/uploads\/2022\/06\/Jelenia-Gora-50-scaled.jpg\" data-id=\"514\" class=\"wp-image-514 skip-lazy\" srcset=\"https:\/\/rozwojlokalny.jeleniagora.pl\/wp-content\/uploads\/2022\/06\/Jelenia-Gora-50-1024x683.jpg 1024w, https:\/\/rozwojlokalny.jeleniagora.pl\/wp-content\/uploads\/2022\/06\/Jelenia-Gora-50-300x200.jpg 300w, https:\/\/rozwojlokalny.jeleniagora.pl\/wp-content\/uploads\/2022\/06\/Jelenia-Gora-50-768x512.jpg 768w, https:\/\/rozwojlokalny.jeleniagora.pl\/wp-content\/uploads\/2022\/06\/Jelenia-Gora-50-1536x1024.jpg 1536w, https:\/\/rozwojlokalny.jeleniagora.pl\/wp-content\/uploads\/2022\/06\/Jelenia-Gora-50-2048x1365.jpg 2048w\" sizes=\"(max-width: 1024px) 100vw, 1024px\" \/><\/div><\/div><\/figure><\/div><\/div><\/div><div class=\"kb-slide-item kb-gallery-carousel-item\"><div class=\"kadence-blocks-gallery-item\"><div class=\"kadence-blocks-gallery-item-inner\"><figure class=\"kb-gallery-figure kadence-blocks-gallery-item-hide-caption\"><div class=\"kb-gal-image-radius\" ><div class=\"kb-gallery-image-contain\" ><img decoding=\"async\" loading=\"lazy\" src=\"https:\/\/rozwojlokalny.jeleniagora.pl\/wp-content\/uploads\/2022\/06\/DJI_0460-1024x683.jpg\" width=\"1024\" height=\"683\" alt=\"Widok z g\u00f3ry na nowoczesne osiedle mieszkaniowe\" data-full-image=\"https:\/\/rozwojlokalny.jeleniagora.pl\/wp-content\/uploads\/2022\/06\/DJI_0460-scaled.jpg\" data-light-image=\"https:\/\/rozwojlokalny.jeleniagora.pl\/wp-content\/uploads\/2022\/06\/DJI_0460-scaled.jpg\" data-id=\"510\" class=\"wp-image-510 skip-lazy\" srcset=\"https:\/\/rozwojlokalny.jeleniagora.pl\/wp-content\/uploads\/2022\/06\/DJI_0460-1024x683.jpg 1024w, https:\/\/rozwojlokalny.jeleniagora.pl\/wp-content\/uploads\/2022\/06\/DJI_0460-300x200.jpg 300w, https:\/\/rozwojlokalny.jeleniagora.pl\/wp-content\/uploads\/2022\/06\/DJI_0460-768x512.jpg 768w, https:\/\/rozwojlokalny.jeleniagora.pl\/wp-content\/uploads\/2022\/06\/DJI_0460-1536x1024.jpg 1536w, https:\/\/rozwojlokalny.jeleniagora.pl\/wp-content\/uploads\/2022\/06\/DJI_0460-2048x1365.jpg 2048w\" sizes=\"(max-width: 1024px) 100vw, 1024px\" \/><\/div><\/div><\/figure><\/div><\/div><\/div><div class=\"kb-slide-item kb-gallery-carousel-item\"><div class=\"kadence-blocks-gallery-item\"><div class=\"kadence-blocks-gallery-item-inner\"><figure class=\"kb-gallery-figure kadence-blocks-gallery-item-hide-caption\"><div class=\"kb-gal-image-radius\" ><div class=\"kb-gallery-image-contain\" ><img decoding=\"async\" loading=\"lazy\" src=\"https:\/\/rozwojlokalny.jeleniagora.pl\/wp-content\/uploads\/2022\/06\/Fot.Michal-Kryla.-Pawilon-Edward-40-1024x683.jpg\" width=\"1024\" height=\"683\" alt=\"Widok na park w Cieplicach, w g\u0142\u0119bi Pawilon Edwarda\" data-full-image=\"https:\/\/rozwojlokalny.jeleniagora.pl\/wp-content\/uploads\/2022\/06\/Fot.Michal-Kryla.-Pawilon-Edward-40-scaled.jpg\" data-light-image=\"https:\/\/rozwojlokalny.jeleniagora.pl\/wp-content\/uploads\/2022\/06\/Fot.Michal-Kryla.-Pawilon-Edward-40-scaled.jpg\" data-id=\"515\" class=\"wp-image-515 skip-lazy\" srcset=\"https:\/\/rozwojlokalny.jeleniagora.pl\/wp-content\/uploads\/2022\/06\/Fot.Michal-Kryla.-Pawilon-Edward-40-1024x683.jpg 1024w, https:\/\/rozwojlokalny.jeleniagora.pl\/wp-content\/uploads\/2022\/06\/Fot.Michal-Kryla.-Pawilon-Edward-40-300x200.jpg 300w, https:\/\/rozwojlokalny.jeleniagora.pl\/wp-content\/uploads\/2022\/06\/Fot.Michal-Kryla.-Pawilon-Edward-40-768x512.jpg 768w, https:\/\/rozwojlokalny.jeleniagora.pl\/wp-content\/uploads\/2022\/06\/Fot.Michal-Kryla.-Pawilon-Edward-40-1536x1024.jpg 1536w, https:\/\/rozwojlokalny.jeleniagora.pl\/wp-content\/uploads\/2022\/06\/Fot.Michal-Kryla.-Pawilon-Edward-40-2048x1365.jpg 2048w\" sizes=\"(max-width: 1024px) 100vw, 1024px\" \/><\/div><\/div><\/figure><\/div><\/div><\/div><div class=\"kb-slide-item kb-gallery-carousel-item\"><div class=\"kadence-blocks-gallery-item\"><div class=\"kadence-blocks-gallery-item-inner\"><figure class=\"kb-gallery-figure kadence-blocks-gallery-item-hide-caption\"><div class=\"kb-gal-image-radius\" ><div class=\"kb-gallery-image-contain\" ><img decoding=\"async\" loading=\"lazy\" src=\"https:\/\/rozwojlokalny.jeleniagora.pl\/wp-content\/uploads\/2022\/06\/chojnik-i-gora-zar-1a11-1024x701.jpg\" width=\"1024\" height=\"701\" alt=\"Zamek Chojnik z widokiem Kotliny Jeleniog\u00f3rskiej\" data-full-image=\"https:\/\/rozwojlokalny.jeleniagora.pl\/wp-content\/uploads\/2022\/06\/chojnik-i-gora-zar-1a11-scaled.jpg\" data-light-image=\"https:\/\/rozwojlokalny.jeleniagora.pl\/wp-content\/uploads\/2022\/06\/chojnik-i-gora-zar-1a11-scaled.jpg\" data-id=\"517\" class=\"wp-image-517 skip-lazy\" srcset=\"https:\/\/rozwojlokalny.jeleniagora.pl\/wp-content\/uploads\/2022\/06\/chojnik-i-gora-zar-1a11-1024x701.jpg 1024w, https:\/\/rozwojlokalny.jeleniagora.pl\/wp-content\/uploads\/2022\/06\/chojnik-i-gora-zar-1a11-300x205.jpg 300w, https:\/\/rozwojlokalny.jeleniagora.pl\/wp-content\/uploads\/2022\/06\/chojnik-i-gora-zar-1a11-768x525.jpg 768w, https:\/\/rozwojlokalny.jeleniagora.pl\/wp-content\/uploads\/2022\/06\/chojnik-i-gora-zar-1a11-1536x1051.jpg 1536w, https:\/\/rozwojlokalny.jeleniagora.pl\/wp-content\/uploads\/2022\/06\/chojnik-i-gora-zar-1a11-2048x1401.jpg 2048w\" sizes=\"(max-width: 1024px) 100vw, 1024px\" \/><\/div><\/div><\/figure><\/div><\/div><\/div><div class=\"kb-slide-item kb-gallery-carousel-item\"><div class=\"kadence-blocks-gallery-item\"><div class=\"kadence-blocks-gallery-item-inner\"><figure class=\"kb-gallery-figure kadence-blocks-gallery-item-hide-caption\"><div class=\"kb-gal-image-radius\" ><div class=\"kb-gallery-image-contain\" ><img decoding=\"async\" loading=\"lazy\" src=\"https:\/\/rozwojlokalny.jeleniagora.pl\/wp-content\/uploads\/2022\/06\/DJI_000w_stitch-1024x553.jpg\" width=\"1024\" height=\"553\" alt=\"Centrum starego miasta Jelenia G\u00f3ra, w tle pasmo Karkonoszy.\" data-full-image=\"https:\/\/rozwojlokalny.jeleniagora.pl\/wp-content\/uploads\/2022\/06\/DJI_000w_stitch-scaled.jpg\" data-light-image=\"https:\/\/rozwojlokalny.jeleniagora.pl\/wp-content\/uploads\/2022\/06\/DJI_000w_stitch-scaled.jpg\" data-id=\"518\" class=\"wp-image-518 skip-lazy\" srcset=\"https:\/\/rozwojlokalny.jeleniagora.pl\/wp-content\/uploads\/2022\/06\/DJI_000w_stitch-1024x553.jpg 1024w, https:\/\/rozwojlokalny.jeleniagora.pl\/wp-content\/uploads\/2022\/06\/DJI_000w_stitch-300x162.jpg 300w, https:\/\/rozwojlokalny.jeleniagora.pl\/wp-content\/uploads\/2022\/06\/DJI_000w_stitch-768x415.jpg 768w, https:\/\/rozwojlokalny.jeleniagora.pl\/wp-content\/uploads\/2022\/06\/DJI_000w_stitch-1536x830.jpg 1536w, https:\/\/rozwojlokalny.jeleniagora.pl\/wp-content\/uploads\/2022\/06\/DJI_000w_stitch-2048x1106.jpg 2048w\" sizes=\"(max-width: 1024px) 100vw, 1024px\" \/><\/div><\/div><\/figure><\/div><\/div><\/div><div class=\"kb-slide-item kb-gallery-carousel-item\"><div class=\"kadence-blocks-gallery-item\"><div class=\"kadence-blocks-gallery-item-inner\"><figure class=\"kb-gallery-figure kadence-blocks-gallery-item-hide-caption\"><div class=\"kb-gal-image-radius\" ><div class=\"kb-gallery-image-contain\" ><img decoding=\"async\" loading=\"lazy\" src=\"https:\/\/rozwojlokalny.jeleniagora.pl\/wp-content\/uploads\/2022\/06\/Park-Zdrojowy-Michal-Kryla-1024x683.jpg\" width=\"1024\" height=\"683\" alt=\"Park Zdrojowy w Cieplicach.\" data-full-image=\"https:\/\/rozwojlokalny.jeleniagora.pl\/wp-content\/uploads\/2022\/06\/Park-Zdrojowy-Michal-Kryla-scaled.jpg\" data-light-image=\"https:\/\/rozwojlokalny.jeleniagora.pl\/wp-content\/uploads\/2022\/06\/Park-Zdrojowy-Michal-Kryla-scaled.jpg\" data-id=\"519\" class=\"wp-image-519 skip-lazy\" srcset=\"https:\/\/rozwojlokalny.jeleniagora.pl\/wp-content\/uploads\/2022\/06\/Park-Zdrojowy-Michal-Kryla-1024x683.jpg 1024w, https:\/\/rozwojlokalny.jeleniagora.pl\/wp-content\/uploads\/2022\/06\/Park-Zdrojowy-Michal-Kryla-300x200.jpg 300w, https:\/\/rozwojlokalny.jeleniagora.pl\/wp-content\/uploads\/2022\/06\/Park-Zdrojowy-Michal-Kryla-768x512.jpg 768w, https:\/\/rozwojlokalny.jeleniagora.pl\/wp-content\/uploads\/2022\/06\/Park-Zdrojowy-Michal-Kryla-1536x1024.jpg 1536w, https:\/\/rozwojlokalny.jeleniagora.pl\/wp-content\/uploads\/2022\/06\/Park-Zdrojowy-Michal-Kryla-2048x1365.jpg 2048w\" sizes=\"(max-width: 1024px) 100vw, 1024px\" \/><\/div><\/div><\/figure><\/div><\/div><\/div><div class=\"kb-slide-item kb-gallery-carousel-item\"><div class=\"kadence-blocks-gallery-item\"><div class=\"kadence-blocks-gallery-item-inner\"><figure class=\"kb-gallery-figure kadence-blocks-gallery-item-hide-caption\"><div class=\"kb-gal-image-radius\" ><div class=\"kb-gallery-image-contain\" ><img decoding=\"async\" loading=\"lazy\" src=\"https:\/\/rozwojlokalny.jeleniagora.pl\/wp-content\/uploads\/2022\/06\/Sygietynskiego-arch.-UMJG-1024x768.jpg\" width=\"1024\" height=\"768\" alt=\"Dzielnica Zabobrze na pierwszym palnie, w g\u0142\u0119bi widok na g\u00f3ry.\" data-full-image=\"https:\/\/rozwojlokalny.jeleniagora.pl\/wp-content\/uploads\/2022\/06\/Sygietynskiego-arch.-UMJG-scaled.jpg\" data-light-image=\"https:\/\/rozwojlokalny.jeleniagora.pl\/wp-content\/uploads\/2022\/06\/Sygietynskiego-arch.-UMJG-scaled.jpg\" data-id=\"520\" class=\"wp-image-520 skip-lazy\" srcset=\"https:\/\/rozwojlokalny.jeleniagora.pl\/wp-content\/uploads\/2022\/06\/Sygietynskiego-arch.-UMJG-1024x768.jpg 1024w, https:\/\/rozwojlokalny.jeleniagora.pl\/wp-content\/uploads\/2022\/06\/Sygietynskiego-arch.-UMJG-300x225.jpg 300w, https:\/\/rozwojlokalny.jeleniagora.pl\/wp-content\/uploads\/2022\/06\/Sygietynskiego-arch.-UMJG-768x576.jpg 768w, https:\/\/rozwojlokalny.jeleniagora.pl\/wp-content\/uploads\/2022\/06\/Sygietynskiego-arch.-UMJG-1536x1151.jpg 1536w, https:\/\/rozwojlokalny.jeleniagora.pl\/wp-content\/uploads\/2022\/06\/Sygietynskiego-arch.-UMJG-2048x1535.jpg 2048w\" sizes=\"(max-width: 1024px) 100vw, 1024px\" \/><\/div><\/div><\/figure><\/div><\/div><\/div><\/div><\/div><\/div><\/div>\n\n\n<div class=\"wp-block-kadence-spacer aligncenter kt-block-spacer-513460_848e2c-f8\"><div class=\"kt-block-spacer kt-block-spacer-halign-center\"><hr class=\"kt-divider\"\/><\/div><\/div>\n\n\n\n<div class=\"wp-block-group is-layout-flow\">\n<h4 class=\"wp-block-heading has-text-align-center has-normal-font-size\">PROJECT PARTNERS<\/h4>\n\n\n\n<div class=\"wp-block-columns is-layout-flex wp-container-16\">\n<div class=\"wp-block-column is-vertically-aligned-center is-layout-flow\" style=\"flex-basis:25%\">\n<figure class=\"wp-block-image alignright size-large is-resized\"><img decoding=\"async\" loading=\"lazy\" src=\"https:\/\/rozwojlokalny.jeleniagora.pl\/wp-content\/uploads\/2022\/05\/KPN_logo-1024x1024.jpg\" alt=\"\" class=\"wp-image-124\" style=\"width:200px;height:200px\" width=\"200\" height=\"200\" srcset=\"https:\/\/rozwojlokalny.jeleniagora.pl\/wp-content\/uploads\/2022\/05\/KPN_logo-1024x1024.jpg 1024w, https:\/\/rozwojlokalny.jeleniagora.pl\/wp-content\/uploads\/2022\/05\/KPN_logo-300x300.jpg 300w, https:\/\/rozwojlokalny.jeleniagora.pl\/wp-content\/uploads\/2022\/05\/KPN_logo-150x150.jpg 150w, https:\/\/rozwojlokalny.jeleniagora.pl\/wp-content\/uploads\/2022\/05\/KPN_logo-768x768.jpg 768w, https:\/\/rozwojlokalny.jeleniagora.pl\/wp-content\/uploads\/2022\/05\/KPN_logo.jpg 1417w\" sizes=\"(max-width: 200px) 100vw, 200px\" \/><\/figure>\n<\/div>\n\n\n\n<div class=\"wp-block-column is-vertically-aligned-center is-layout-flow\" style=\"flex-basis:50%\">\n<figure class=\"wp-block-image aligncenter size-full is-resized\"><img decoding=\"async\" loading=\"lazy\" src=\"https:\/\/rozwojlokalny.jeleniagora.pl\/wp-content\/uploads\/2022\/05\/KARR-logo-poziome.jpg\" alt=\"\" class=\"wp-image-123\" style=\"width:500px;height:138px\" width=\"500\" height=\"138\" srcset=\"https:\/\/rozwojlokalny.jeleniagora.pl\/wp-content\/uploads\/2022\/05\/KARR-logo-poziome.jpg 2000w, https:\/\/rozwojlokalny.jeleniagora.pl\/wp-content\/uploads\/2022\/05\/KARR-logo-poziome-300x83.jpg 300w, https:\/\/rozwojlokalny.jeleniagora.pl\/wp-content\/uploads\/2022\/05\/KARR-logo-poziome-1024x282.jpg 1024w, https:\/\/rozwojlokalny.jeleniagora.pl\/wp-content\/uploads\/2022\/05\/KARR-logo-poziome-768x212.jpg 768w, https:\/\/rozwojlokalny.jeleniagora.pl\/wp-content\/uploads\/2022\/05\/KARR-logo-poziome-1536x423.jpg 1536w\" sizes=\"(max-width: 500px) 100vw, 500px\" \/><\/figure>\n<\/div>\n\n\n\n<div class=\"wp-block-column is-vertically-aligned-center is-layout-flow\" style=\"flex-basis:25%\">\n<figure class=\"wp-block-image alignleft size-large is-resized\"><img decoding=\"async\" loading=\"lazy\" src=\"https:\/\/rozwojlokalny.jeleniagora.pl\/wp-content\/uploads\/2022\/05\/KSON-LOGO-1024x1024.jpg\" alt=\"\" class=\"wp-image-125\" style=\"width:160px;height:160px\" width=\"160\" height=\"160\" srcset=\"https:\/\/rozwojlokalny.jeleniagora.pl\/wp-content\/uploads\/2022\/05\/KSON-LOGO-1024x1024.jpg 1024w, https:\/\/rozwojlokalny.jeleniagora.pl\/wp-content\/uploads\/2022\/05\/KSON-LOGO-300x300.jpg 300w, https:\/\/rozwojlokalny.jeleniagora.pl\/wp-content\/uploads\/2022\/05\/KSON-LOGO-150x150.jpg 150w, https:\/\/rozwojlokalny.jeleniagora.pl\/wp-content\/uploads\/2022\/05\/KSON-LOGO-768x768.jpg 768w, https:\/\/rozwojlokalny.jeleniagora.pl\/wp-content\/uploads\/2022\/05\/KSON-LOGO.jpg 1204w\" sizes=\"(max-width: 160px) 100vw, 160px\" \/><\/figure>\n<\/div>\n<\/div>\n\n\n\n<div class=\"wp-block-group is-layout-flow\" style=\"padding-top:0px;padding-right:20%;padding-bottom:0px;padding-left:20%\">\n<p class=\"has-text-align-center\"><strong>and the communes of:<\/strong> Bolk\u00f3w, Gryf\u00f3w \u015al\u0105ski, Janowice Wielkie, Je\u017c\u00f3w Sudecki, Karpacz, Kowary, Le\u015bna, Lubomierz, Lw\u00f3wek \u015al\u0105ski, Marcisz\u00f3w, Mirsk, Mys\u0142akowice, Olszyna, Piechowice, Pielgrzymka, Stara Kamienica, Szklarska Por\u0119ba, \u015awierad\u00f3w-Zdr\u00f3j, \u015awierzawa, Wle\u0144, Wojciesz\u00f3w, Zagrodno, Gmina Miejska Z\u0142otoryja i Gmina Z\u0142otoryja <strong>and poviats: <\/strong>karkonoski, lw\u00f3wecki i z\u0142otoryjski.<\/p>\n<\/div>\n<\/div>","protected":false},"excerpt":{"rendered":"<p>Projekt \u201e\u017bYJ, MIESZKAJ, PRACUJ W JELENIEJ G\u00d3RZE!\u201d b\u0119dzie realizowany w ramach programu \u201eRozw\u00f3j Lokalny\u201d, w okresie IV kw. 2021 r. \u2013 I kw. 2024 r. Projekt korzysta z dofinansowania o warto\u015bci 3,89 mln EUR otrzymanego od Islandii, Liechtensteinu i Norwegii ze \u015brodk\u00f3w Mechanizmu Finansowego Europejskiego Obszaru Gospodarczego (EOG) na lata 2014-2021 oraz \u015brodk\u00f3w Norweskiego Mechanizmu [&hellip;]<\/p>","protected":false},"author":1,"featured_media":0,"parent":0,"menu_order":0,"comment_status":"closed","ping_status":"closed","template":"wp-custom-template-homepage-design","meta":{"_uag_custom_page_level_css":""},"uagb_featured_image_src":{"full":false,"thumbnail":false,"medium":false,"medium_large":false,"large":false,"1536x1536":false,"2048x2048":false,"trp-custom-language-flag":false},"uagb_author_info":{"display_name":"Admin","author_link":"https:\/\/rozwojlokalny.jeleniagora.pl\/en\/author\/admin\/"},"uagb_comment_info":0,"uagb_excerpt":"Projekt \u201e\u017bYJ, MIESZKAJ, PRACUJ W JELENIEJ G\u00d3RZE!\u201d b\u0119dzie realizowany w ramach programu \u201eRozw\u00f3j Lokalny\u201d, w okresie IV kw. 2021 r. \u2013 I kw. 2024 r. Projekt korzysta z dofinansowania o warto\u015bci 3,89 mln EUR otrzymanego od Islandii, Liechtensteinu i Norwegii ze \u015brodk\u00f3w Mechanizmu Finansowego Europejskiego Obszaru Gospodarczego (EOG) na lata 2014-2021 oraz \u015brodk\u00f3w Norweskiego Mechanizmu&hellip;","_links":{"self":[{"href":"https:\/\/rozwojlokalny.jeleniagora.pl\/en\/wp-json\/wp\/v2\/pages\/23"}],"collection":[{"href":"https:\/\/rozwojlokalny.jeleniagora.pl\/en\/wp-json\/wp\/v2\/pages"}],"about":[{"href":"https:\/\/rozwojlokalny.jeleniagora.pl\/en\/wp-json\/wp\/v2\/types\/page"}],"author":[{"embeddable":true,"href":"https:\/\/rozwojlokalny.jeleniagora.pl\/en\/wp-json\/wp\/v2\/users\/1"}],"replies":[{"embeddable":true,"href":"https:\/\/rozwojlokalny.jeleniagora.pl\/en\/wp-json\/wp\/v2\/comments?post=23"}],"version-history":[{"count":127,"href":"https:\/\/rozwojlokalny.jeleniagora.pl\/en\/wp-json\/wp\/v2\/pages\/23\/revisions"}],"predecessor-version":[{"id":1531,"href":"https:\/\/rozwojlokalny.jeleniagora.pl\/en\/wp-json\/wp\/v2\/pages\/23\/revisions\/1531"}],"wp:attachment":[{"href":"https:\/\/rozwojlokalny.jeleniagora.pl\/en\/wp-json\/wp\/v2\/media?parent=23"}],"curies":[{"name":"wp","href":"https:\/\/api.w.org\/{rel}","templated":true}]}}