{"id":3,"date":"2022-05-27T20:07:09","date_gmt":"2022-05-27T18:07:09","guid":{"rendered":"https:\/\/luna.jeleniagora.pl\/?page_id=3"},"modified":"2022-11-16T08:04:02","modified_gmt":"2022-11-16T07:04:02","slug":"polityka-prywatnosci","status":"publish","type":"page","link":"https:\/\/rozwojlokalny.jeleniagora.pl\/en\/polityka-prywatnosci\/","title":{"rendered":"Privacy policy"},"content":{"rendered":"<h3 class=\"wp-block-heading\">1. Informacje og\u00f3lne.<\/h3>\n\n\n\n<ol>\n<li>Operatorem serwisu &#8211; strony rozwojlokalny.jeleniagora.pl jest firma Sigato.pl Gabriela Sikora z siedzib\u0105 ul. Ogrodowa 13, Siedl\u0119cin, 58-508 Jelenia G\u00f3ra na zlecenie Miasta Jelenia G\u00f3ra z siedzib\u0105 przy Pl. Ratuszowy 58, 58-500 Jelenia G\u00f3ra<\/li>\n\n\n\n<li>Serwis realizuje funkcje pozyskiwania informacji o u\u017cytkownikach w nast\u0119puj\u0105cy spos\u00f3b:\n<ol>\n<li>Poprzez gromadzenie log\u00f3w serwera www przez operatora hostingowego.<\/li>\n<\/ol>\n<\/li>\n<\/ol>\n\n\n\n<h3 class=\"wp-block-heading\">2. Informacja o plikach cookies.<\/h3>\n\n\n\n<ol>\n<li>Serwis nie korzysta z plik\u00f3w cookies.<\/li>\n<\/ol>\n\n\n\n<h3 class=\"wp-block-heading\">3. Logi serwera.<\/h3>\n\n\n\n<ol>\n<li>Informacje o niekt\u00f3rych zachowaniach u\u017cytkownik\u00f3w podlegaj\u0105 logowaniu w warstwie serwerowej. Dane te s\u0105 wykorzystywane wy\u0142\u0105cznie w celu administrowania serwisem oraz w celu zapewnienia jak najbardziej sprawnej obs\u0142ugi \u015bwiadczonych us\u0142ug hostingowych.<\/li>\n\n\n\n<li>Zapisowi mog\u0105 podlega\u0107:\n<ol>\n<li>informacje o b\u0142\u0119dach jakie nast\u0105pi\u0142y przy realizacji transakcji HTTP,<\/li>\n\n\n\n<li>Informacje o adresie IP.<\/li>\n<\/ol>\n<\/li>\n\n\n\n<li>Dane powy\u017csze nie s\u0105 kojarzone z konkretnymi osobami przegl\u0105daj\u0105cymi strony.<\/li>\n\n\n\n<li>Dane powy\u017csze s\u0105 wykorzystywane jedynie dla cel\u00f3w administrowania serwerem.<\/li>\n<\/ol>\n\n\n\n<h3 class=\"wp-block-heading\">4. Udost\u0119pnienie danych.<\/h3>\n\n\n\n<ol>\n<li>Operator mo\u017ce mie\u0107 obowi\u0105zek udzielania informacji zebranych przez Serwis upowa\u017cnionym organom na podstawie zgodnych z prawem \u017c\u0105da\u0144 w zakresie wynikaj\u0105cym z \u017c\u0105dania.<\/li>\n<\/ol>\n\n\n\n<p><\/p>","protected":false},"excerpt":{"rendered":"<p>1. Informacje og\u00f3lne. 2. Informacja o plikach cookies. 3. Logi serwera. 4. Udost\u0119pnienie danych.<\/p>","protected":false},"author":1,"featured_media":0,"parent":0,"menu_order":0,"comment_status":"closed","ping_status":"open","template":"wp-custom-template-inner-page-m-3","meta":{"_uag_custom_page_level_css":""},"uagb_featured_image_src":{"full":false,"thumbnail":false,"medium":false,"medium_large":false,"large":false,"1536x1536":false,"2048x2048":false,"trp-custom-language-flag":false},"uagb_author_info":{"display_name":"Admin","author_link":"https:\/\/rozwojlokalny.jeleniagora.pl\/en\/author\/admin\/"},"uagb_comment_info":0,"uagb_excerpt":"1. Informacje og\u00f3lne. 2. Informacja o plikach cookies. 3. Logi serwera. 4. Udost\u0119pnienie danych.","_links":{"self":[{"href":"https:\/\/rozwojlokalny.jeleniagora.pl\/en\/wp-json\/wp\/v2\/pages\/3"}],"collection":[{"href":"https:\/\/rozwojlokalny.jeleniagora.pl\/en\/wp-json\/wp\/v2\/pages"}],"about":[{"href":"https:\/\/rozwojlokalny.jeleniagora.pl\/en\/wp-json\/wp\/v2\/types\/page"}],"author":[{"embeddable":true,"href":"https:\/\/rozwojlokalny.jeleniagora.pl\/en\/wp-json\/wp\/v2\/users\/1"}],"replies":[{"embeddable":true,"href":"https:\/\/rozwojlokalny.jeleniagora.pl\/en\/wp-json\/wp\/v2\/comments?post=3"}],"version-history":[{"count":4,"href":"https:\/\/rozwojlokalny.jeleniagora.pl\/en\/wp-json\/wp\/v2\/pages\/3\/revisions"}],"predecessor-version":[{"id":880,"href":"https:\/\/rozwojlokalny.jeleniagora.pl\/en\/wp-json\/wp\/v2\/pages\/3\/revisions\/880"}],"wp:attachment":[{"href":"https:\/\/rozwojlokalny.jeleniagora.pl\/en\/wp-json\/wp\/v2\/media?parent=3"}],"curies":[{"name":"wp","href":"https:\/\/api.w.org\/{rel}","templated":true}]}}