{"id":905,"date":"2022-12-04T22:46:08","date_gmt":"2022-12-04T21:46:08","guid":{"rendered":"https:\/\/rozwojlokalny.jeleniagora.pl\/?page_id=905"},"modified":"2023-02-22T22:14:55","modified_gmt":"2023-02-22T21:14:55","slug":"konsultacje-spoleczne","status":"publish","type":"page","link":"https:\/\/rozwojlokalny.jeleniagora.pl\/en\/konsultacje-spoleczne\/","title":{"rendered":"Public consultations"},"content":{"rendered":"<p>We invite you to read the report on public consultations on the drafts of the \u201cRegulations for Public Consultations of the City of Jelenia G\u00f3ra\u201d and the \u201cPlan for Cooperation of the City Hall of Jelenia G\u00f3ra with Stakeholders\u201d.<\/p>\n\n\n\n\n\n<\/p>\n\n\n\n<div class=\"wp-block-file\"><object class=\"wp-block-file__embed\" data=\"https:\/\/rozwojlokalny.jeleniagora.pl\/wp-content\/uploads\/2023\/02\/public-consultation-report.pdf\" type=\"application\/pdf\" style=\"width:100%;height:600px\" aria-label=\"Embed of Public consultation report.\"><\/object><a id=\"wp-block-file--media-fe55617f-d077-4c87-b5bf-e01cf13b0cf5\" href=\"https:\/\/rozwojlokalny.jeleniagora.pl\/wp-content\/uploads\/2023\/02\/public-consultation-report.pdf\" target=\"_self\" rel=\"noreferrer noopener\">Public consultation report<\/a><a href=\"https:\/\/rozwojlokalny.jeleniagora.pl\/wp-content\/uploads\/2023\/02\/public-consultation-report.pdf\" class=\"wp-block-file__button wp-element-button\" download aria-describedby=\"wp-block-file--media-fe55617f-d077-4c87-b5bf-e01cf13b0cf5\">Download<\/a><\/div>\n\n\n<p>","protected":false},"excerpt":{"rendered":"<p>We invite you to read the report on public consultations on the drafts of the \u201cRegulations for Public Consultations of the City of Jelenia G\u00f3ra\u201d and the \u201cPlan for Cooperation of the City Hall of Jelenia G\u00f3ra with Stakeholders\u201d.<\/p>","protected":false},"author":1,"featured_media":0,"parent":0,"menu_order":0,"comment_status":"closed","ping_status":"closed","template":"wp-custom-template-inner-page-m-3","meta":{"_uag_custom_page_level_css":""},"uagb_featured_image_src":{"full":false,"thumbnail":false,"medium":false,"medium_large":false,"large":false,"1536x1536":false,"2048x2048":false,"trp-custom-language-flag":false},"uagb_author_info":{"display_name":"Admin","author_link":"https:\/\/rozwojlokalny.jeleniagora.pl\/en\/author\/admin\/"},"uagb_comment_info":0,"uagb_excerpt":"Zapraszamy do zapoznania si\u0119 z raportem z konsultacji spo\u0142ecznych dotycz\u0105cych projekt\u00f3w &#8222;Regulaminu Konsultacji Spo\u0142ecznych Miasta Jelenia G\u00f3ra&#8221; oraz &#8222;Planu wsp\u00f3\u0142pracy Urz\u0119du Miasta Jelenia G\u00f3ra z interesariuszami&#8221;","_links":{"self":[{"href":"https:\/\/rozwojlokalny.jeleniagora.pl\/en\/wp-json\/wp\/v2\/pages\/905"}],"collection":[{"href":"https:\/\/rozwojlokalny.jeleniagora.pl\/en\/wp-json\/wp\/v2\/pages"}],"about":[{"href":"https:\/\/rozwojlokalny.jeleniagora.pl\/en\/wp-json\/wp\/v2\/types\/page"}],"author":[{"embeddable":true,"href":"https:\/\/rozwojlokalny.jeleniagora.pl\/en\/wp-json\/wp\/v2\/users\/1"}],"replies":[{"embeddable":true,"href":"https:\/\/rozwojlokalny.jeleniagora.pl\/en\/wp-json\/wp\/v2\/comments?post=905"}],"version-history":[{"count":19,"href":"https:\/\/rozwojlokalny.jeleniagora.pl\/en\/wp-json\/wp\/v2\/pages\/905\/revisions"}],"predecessor-version":[{"id":984,"href":"https:\/\/rozwojlokalny.jeleniagora.pl\/en\/wp-json\/wp\/v2\/pages\/905\/revisions\/984"}],"wp:attachment":[{"href":"https:\/\/rozwojlokalny.jeleniagora.pl\/en\/wp-json\/wp\/v2\/media?parent=905"}],"curies":[{"name":"wp","href":"https:\/\/api.w.org\/{rel}","templated":true}]}}